{"id":15798,"date":"2023-07-29T09:38:53","date_gmt":"2023-07-29T07:38:53","guid":{"rendered":"https:\/\/ethicoms.fr\/?post_type=product&#038;p=15798"},"modified":"2024-01-02T15:43:25","modified_gmt":"2024-01-02T14:43:25","slug":"referentiel-security-2023-francais","status":"publish","type":"product","link":"https:\/\/cyberesponse.eu\/en\/product\/referentiel-security-2023-francais\/","title":{"rendered":"R\u00e9f\u00e9rentiel &#8211; Security &#8211; version fran\u00e7aise"},"content":{"rendered":"<p style=\"text-align: justify;\">The <strong>r\u00e9f\u00e9rentiel du Label<\/strong> <strong>Cyberesponse<\/strong>\u00a0est un document essentiel qui d\u00e9finit les crit\u00e8res et les exigences que les entreprises doivent respecter pour obtenir la labellisation.<br \/>\nCe r\u00e9f\u00e9rentiel offre aux entreprises une feuille de route d\u00e9taill\u00e9e pour am\u00e9liorer leur posture de s\u00e9curit\u00e9 et se conformer aux exigences du label.<\/p>\n<p style=\"text-align: justify;\">En suivant le guide r\u00e9f\u00e9rentiel, les entreprises peuvent \u00e9valuer leur niveau de conformit\u00e9 actuel, identifier les lacunes et les points d&#8217;am\u00e9lioration, et mettre en \u0153uvre les mesures n\u00e9cessaires pour atteindre les standards requis. Le r\u00e9f\u00e9rentiel fournit une m\u00e9thodologie structur\u00e9e et progressive, permettant aux entreprises de suivre un cheminement par \u00e9tapes pour renforcer leur s\u00e9curit\u00e9 de mani\u00e8re efficace et efficiente.<\/p>","protected":false},"excerpt":{"rendered":"<p>The <strong>r\u00e9f\u00e9rentiel du Label<\/strong> <strong>Cyberesponse<\/strong>\u00a0est un document essentiel qui d\u00e9finit les crit\u00e8res et les exigences que les entreprises doivent respecter pour obtenir la labellisation.<\/p>\n<p><a href=\"https:\/\/cyberesponse.eu\/en\/telechargez-un-extrait-du-referentiel\/\"><img loading=\"lazy\" decoding=\"async\" class=\"alignnone wp-image-16655\" src=\"https:\/\/cyberesponse.eu\/wp-content\/uploads\/2023\/07\/Bouton-telecharger.png\" alt=\"\" width=\"192\" height=\"41\" srcset=\"https:\/\/cyberesponse.eu\/wp-content\/uploads\/2023\/07\/Bouton-telecharger.png 383w, https:\/\/cyberesponse.eu\/wp-content\/uploads\/2023\/07\/Bouton-telecharger-18x4.png 18w, https:\/\/cyberesponse.eu\/wp-content\/uploads\/2023\/07\/Bouton-telecharger-150x32.png 150w\" sizes=\"(max-width: 192px) 100vw, 192px\" \/><\/a><\/p>\n<p><img loading=\"lazy\" decoding=\"async\" class=\"alignnone wp-image-16666\" src=\"https:\/\/cyberesponse.eu\/wp-content\/uploads\/2023\/07\/extrait-22p_2-400x199.png\" alt=\"\" width=\"502\" height=\"250\" srcset=\"https:\/\/cyberesponse.eu\/wp-content\/uploads\/2023\/07\/extrait-22p_2-400x199.png 400w, https:\/\/cyberesponse.eu\/wp-content\/uploads\/2023\/07\/extrait-22p_2-768x382.png 768w, https:\/\/cyberesponse.eu\/wp-content\/uploads\/2023\/07\/extrait-22p_2-18x9.png 18w, https:\/\/cyberesponse.eu\/wp-content\/uploads\/2023\/07\/extrait-22p_2-860x428.png 860w, https:\/\/cyberesponse.eu\/wp-content\/uploads\/2023\/07\/extrait-22p_2-430x214.png 430w, https:\/\/cyberesponse.eu\/wp-content\/uploads\/2023\/07\/extrait-22p_2-700x348.png 700w, https:\/\/cyberesponse.eu\/wp-content\/uploads\/2023\/07\/extrait-22p_2-150x75.png 150w, https:\/\/cyberesponse.eu\/wp-content\/uploads\/2023\/07\/extrait-22p_2.png 1045w\" sizes=\"(max-width: 502px) 100vw, 502px\" \/><\/p>\n<h3><strong>R\u00e9f\u00e9rentiel complet (45 pages)<\/strong><\/h3>","protected":false},"featured_media":16761,"template":"","meta":{"rank_math_lock_modified_date":false},"product_cat":[20],"product_tag":[],"_links":{"self":[{"href":"https:\/\/cyberesponse.eu\/en\/wp-json\/wp\/v2\/product\/15798"}],"collection":[{"href":"https:\/\/cyberesponse.eu\/en\/wp-json\/wp\/v2\/product"}],"about":[{"href":"https:\/\/cyberesponse.eu\/en\/wp-json\/wp\/v2\/types\/product"}],"version-history":[{"count":31,"href":"https:\/\/cyberesponse.eu\/en\/wp-json\/wp\/v2\/product\/15798\/revisions"}],"predecessor-version":[{"id":16852,"href":"https:\/\/cyberesponse.eu\/en\/wp-json\/wp\/v2\/product\/15798\/revisions\/16852"}],"wp:featuredmedia":[{"embeddable":true,"href":"https:\/\/cyberesponse.eu\/en\/wp-json\/wp\/v2\/media\/16761"}],"wp:attachment":[{"href":"https:\/\/cyberesponse.eu\/en\/wp-json\/wp\/v2\/media?parent=15798"}],"wp:term":[{"taxonomy":"product_cat","embeddable":true,"href":"https:\/\/cyberesponse.eu\/en\/wp-json\/wp\/v2\/product_cat?post=15798"},{"taxonomy":"product_tag","embeddable":true,"href":"https:\/\/cyberesponse.eu\/en\/wp-json\/wp\/v2\/product_tag?post=15798"}],"curies":[{"name":"wp","href":"https:\/\/api.w.org\/{rel}","templated":true}]}}